{"id":185,"date":"2024-05-27T07:19:48","date_gmt":"2024-05-27T07:19:48","guid":{"rendered":"https:\/\/www.saudementalitapema.com.br\/novo\/?page_id=185"},"modified":"2024-05-27T07:19:48","modified_gmt":"2024-05-27T07:19:48","slug":"news-blog","status":"publish","type":"page","link":"https:\/\/www.saudementalitapema.com.br\/novo\/news-blog\/","title":{"rendered":"News &amp; Blog"},"content":{"rendered":"\t\t<div data-elementor-type=\"wp-page\" data-elementor-id=\"185\" class=\"elementor elementor-185\">\n\t\t\t\t\t\t<section class=\"elementor-section elementor-top-section elementor-element elementor-element-1764bfb elementor-section-full_width elementor-section-height-default elementor-section-height-default\" data-id=\"1764bfb\" data-element_type=\"section\" data-e-type=\"section\" data-settings=\"{&quot;wdt_bg_image&quot;:{&quot;url&quot;:&quot;&quot;,&quot;id&quot;:&quot;&quot;,&quot;size&quot;:&quot;&quot;},&quot;wdt_bg_image_laptop&quot;:{&quot;url&quot;:&quot;&quot;,&quot;id&quot;:&quot;&quot;,&quot;size&quot;:&quot;&quot;},&quot;wdt_bg_image_tablet_extra&quot;:{&quot;url&quot;:&quot;&quot;,&quot;id&quot;:&quot;&quot;,&quot;size&quot;:&quot;&quot;},&quot;wdt_bg_image_tablet&quot;:{&quot;url&quot;:&quot;&quot;,&quot;id&quot;:&quot;&quot;,&quot;size&quot;:&quot;&quot;},&quot;wdt_bg_image_mobile_extra&quot;:{&quot;url&quot;:&quot;&quot;,&quot;id&quot;:&quot;&quot;,&quot;size&quot;:&quot;&quot;},&quot;wdt_bg_image_mobile&quot;:{&quot;url&quot;:&quot;&quot;,&quot;id&quot;:&quot;&quot;,&quot;size&quot;:&quot;&quot;},&quot;wdt_bg_position&quot;:&quot;center center&quot;,&quot;wdt_animation_effect&quot;:&quot;none&quot;}\">\n\t\t\t\t\t\t<div class=\"elementor-container elementor-column-gap-no\">\n\t\t\t\t\t<div class=\"elementor-column elementor-col-100 elementor-top-column elementor-element elementor-element-d7e121b\" data-id=\"d7e121b\" data-element_type=\"column\" data-e-type=\"column\">\n\t\t\t<div class=\"elementor-widget-wrap elementor-element-populated\">\n\t\t\t\t\t\t<div class=\"elementor-element elementor-element-3c432f6 elementor-widget elementor-widget-wdt-blog-posts\" data-id=\"3c432f6\" data-element_type=\"widget\" data-e-type=\"widget\" data-settings=\"{&quot;wdt_animation_effect&quot;:&quot;none&quot;}\" data-widget_type=\"wdt-blog-posts.default\">\n\t\t\t\t<div class=\"elementor-widget-container\">\n\t\t\t\t\t<div class=\"wdt-posts-list-wrapper  wdt-post-list-carousel-3c432f6\" ><div class='tpl-blog-holder  apply-isotope '><div class='grid-sizer  entry-grid-layout wdt-simple-style wdt-scaleout-hover wdt-default-overlay alignleft column wdt-one-column wdt-post-entry '><\/div><div class=\" entry-grid-layout wdt-simple-style wdt-scaleout-hover wdt-default-overlay alignleft column wdt-one-column wdt-post-entry  \"><article id=\"post-1592\" class=\"post-1592 post type-post status-publish format-standard has-post-thumbnail hentry category-estudos category-sem-categoria tag-terapia blog-entry\">\r\n\r\n\r\n\t<!-- Featured Image -->\r\n\t<div class=\"entry-thumb\">\r\n\t\t\r\n<a href=\"https:\/\/www.saudementalitapema.com.br\/novo\/2026\/01\/26\/mas-afinal-quando-se-deve-procurar-um-medico-psiquiatra\/\" title=\"Permalink to Mas afinal, quando se deve procurar um m\u00e9dico psiquiatra?\"><img fetchpriority=\"high\" decoding=\"async\" width=\"1080\" height=\"719\" src=\"https:\/\/www.saudementalitapema.com.br\/novo\/wp-content\/uploads\/2026\/01\/quando-procurar-um-psiquiatra.jpg\" class=\"attachment-full size-full wp-post-image\" alt=\"\" \/><\/a>\r\n        <\/div><!-- Featured Image --><div class=\"entry-meta-group\">\r\n<!-- Entry Date -->\r\n<div class=\"entry-date\">\r\n\t<i class=\"wdticon-calendar\"> <\/i>\r\n\t26 de janeiro de 2026<\/div><!-- Entry Date --><\/div>\r\n<!-- Entry Title -->\r\n<div class=\"entry-title\">\r\n\t<h4>    \t<a href=\"https:\/\/www.saudementalitapema.com.br\/novo\/2026\/01\/26\/mas-afinal-quando-se-deve-procurar-um-medico-psiquiatra\/\" title=\"Permalink to Mas afinal, quando se deve procurar um m\u00e9dico psiquiatra?\">Mas afinal, quando se deve procurar um m\u00e9dico psiquiatra?<\/a>\r\n\t<\/h4>\r\n<\/div><!-- Entry Title -->\r\n\t<div class=\"entry-body\"><p>A sa\u00fade mental ou emocional, assim como a sa\u00fade f\u00edsica, necessita de aten\u00e7\u00e3o e cuidados. Muitas vezes, se deixa para procurar aux\u00edlio quando o sofrimento est\u00e1 num est\u00e1gio\u00a0muito\u00a0avan\u00e7ado.<\/p><\/div>\r\n\r\n<!-- Entry Button --><div class=\"entry-button wdt-core-button\"><a href=\"https:\/\/www.saudementalitapema.com.br\/novo\/2026\/01\/26\/mas-afinal-quando-se-deve-procurar-um-medico-psiquiatra\/\" title=\"Mas afinal, quando se deve procurar um m\u00e9dico psiquiatra?\" class=\"wdt-button\">Read More<span><svg xmlns=\"http:\/\/www.w3.org\/2000\/svg\" x=\"0px\" y=\"0px\"\r\n\t\t\tviewBox=\"0 0 100 100\" style=\"enable-background:new 0 0 100 100;\" xml:space=\"preserve\">\r\n\t   <path d=\"M3.1,92.7l4.3,4.3c1.3,1.3,3.1,2.1,5,2.1c1.9,0,3.5-0.7,4.8-2.1l61.2-61.5v38.4c0,3.9,3.6,7.5,7.5,7.5h6\r\n\t\t   c3.9,0,7.1-3.4,7.1-7.3l0-66.2c0-1.9-0.9-3.7-2.2-5.1C95.4,1.4,93.6,1,91.6,1H25.9c-1.9,0-3.8,0.5-5.1,1.9c-1.3,1.3-2.2,2.9-2.2,4.8\r\n\t\t   v6c0,1.9,0.9,3.9,2.2,5.3c1.3,1.3,3.3,2.3,5.1,2.3h38.8L3.1,82.8C0.3,85.6,0.3,89.9,3.1,92.7z\"\/>\r\n\t   <\/svg><\/span><\/a><\/div><!-- Entry Button --><\/article><\/div><div class=\" entry-grid-layout wdt-simple-style wdt-scaleout-hover wdt-default-overlay alignleft column wdt-one-column wdt-post-entry  \"><article id=\"post-1590\" class=\"post-1590 post type-post status-publish format-standard has-post-thumbnail hentry category-saude blog-entry\">\r\n\r\n\r\n\t<!-- Featured Image -->\r\n\t<div class=\"entry-thumb\">\r\n\t\t\r\n<a href=\"https:\/\/www.saudementalitapema.com.br\/novo\/2026\/01\/26\/um-dilema-adolescentes-e-a-internet\/\" title=\"Permalink to Um dilema: adolescentes e a internet\"><img decoding=\"async\" width=\"705\" height=\"705\" src=\"https:\/\/www.saudementalitapema.com.br\/novo\/wp-content\/uploads\/2026\/01\/Adolescentes-e-a-Internet-705x705-1.jpg\" class=\"attachment-full size-full wp-post-image\" alt=\"\" \/><\/a>\r\n        <\/div><!-- Featured Image --><div class=\"entry-meta-group\">\r\n<!-- Entry Date -->\r\n<div class=\"entry-date\">\r\n\t<i class=\"wdticon-calendar\"> <\/i>\r\n\t26 de janeiro de 2026<\/div><!-- Entry Date --><\/div>\r\n<!-- Entry Title -->\r\n<div class=\"entry-title\">\r\n\t<h4>    \t<a href=\"https:\/\/www.saudementalitapema.com.br\/novo\/2026\/01\/26\/um-dilema-adolescentes-e-a-internet\/\" title=\"Permalink to Um dilema: adolescentes e a internet\">Um dilema: adolescentes e a internet<\/a>\r\n\t<\/h4>\r\n<\/div><!-- Entry Title -->\r\n\t<div class=\"entry-body\"><p>Nesta data, teremos um di\u00e1logo entre pais e profissionais da sa\u00fade mental. Abordaremos a demanda de cada fam\u00edlia, sugerindo temas como: ensino \u00e0 dist\u00e2ncia, redes sociais, vantagens e perigos da web. Como us\u00e1-la de forma saud\u00e1vel? Facilitadoras Psiquiatra: Gabriela Val\u00e9rio Psic\u00f3loga: S\u00f4nia Regina dos Santos<\/p><\/div>\r\n\r\n<!-- Entry Button --><div class=\"entry-button wdt-core-button\"><a href=\"https:\/\/www.saudementalitapema.com.br\/novo\/2026\/01\/26\/um-dilema-adolescentes-e-a-internet\/\" title=\"Um dilema: adolescentes e a internet\" class=\"wdt-button\">Read More<span><svg xmlns=\"http:\/\/www.w3.org\/2000\/svg\" x=\"0px\" y=\"0px\"\r\n\t\t\tviewBox=\"0 0 100 100\" style=\"enable-background:new 0 0 100 100;\" xml:space=\"preserve\">\r\n\t   <path d=\"M3.1,92.7l4.3,4.3c1.3,1.3,3.1,2.1,5,2.1c1.9,0,3.5-0.7,4.8-2.1l61.2-61.5v38.4c0,3.9,3.6,7.5,7.5,7.5h6\r\n\t\t   c3.9,0,7.1-3.4,7.1-7.3l0-66.2c0-1.9-0.9-3.7-2.2-5.1C95.4,1.4,93.6,1,91.6,1H25.9c-1.9,0-3.8,0.5-5.1,1.9c-1.3,1.3-2.2,2.9-2.2,4.8\r\n\t\t   v6c0,1.9,0.9,3.9,2.2,5.3c1.3,1.3,3.3,2.3,5.1,2.3h38.8L3.1,82.8C0.3,85.6,0.3,89.9,3.1,92.7z\"\/>\r\n\t   <\/svg><\/span><\/a><\/div><!-- Entry Button --><\/article><\/div><div class=\" entry-grid-layout wdt-simple-style wdt-scaleout-hover wdt-default-overlay alignleft column wdt-one-column wdt-post-entry  \"><article id=\"post-1589\" class=\"post-1589 post type-post status-publish format-standard has-post-thumbnail hentry category-saude tag-pandemia blog-entry\">\r\n\r\n\r\n\t<!-- Featured Image -->\r\n\t<div class=\"entry-thumb\">\r\n\t\t\r\n<a href=\"https:\/\/www.saudementalitapema.com.br\/novo\/2026\/01\/26\/desafios-de-ser-mulher-e-profissional-na-pandemia\/\" title=\"Permalink to Desafios de ser mulher e profissional na pandemia\"><img decoding=\"async\" width=\"1080\" height=\"1080\" src=\"https:\/\/www.saudementalitapema.com.br\/novo\/wp-content\/uploads\/2026\/01\/Mulher-na-pandemia.jpg\" class=\"attachment-full size-full wp-post-image\" alt=\"\" \/><\/a>\r\n        <\/div><!-- Featured Image --><div class=\"entry-meta-group\">\r\n<!-- Entry Date -->\r\n<div class=\"entry-date\">\r\n\t<i class=\"wdticon-calendar\"> <\/i>\r\n\t26 de janeiro de 2026<\/div><!-- Entry Date --><\/div>\r\n<!-- Entry Title -->\r\n<div class=\"entry-title\">\r\n\t<h4>    \t<a href=\"https:\/\/www.saudementalitapema.com.br\/novo\/2026\/01\/26\/desafios-de-ser-mulher-e-profissional-na-pandemia\/\" title=\"Permalink to Desafios de ser mulher e profissional na pandemia\">Desafios de ser mulher e profissional na pandemia<\/a>\r\n\t<\/h4>\r\n<\/div><!-- Entry Title -->\r\n\t<div class=\"entry-body\"><p>Podemos citar algumas \u00e1reas, inicialmente, que mais est\u00e3o fragilizando-as: o trabalho, a maternidade, a viol\u00eancia dom\u00e9stica, os direitos reprodutivos, o papel de mulher\/esposa, a sa\u00fade mental, etc. Ent\u00e3o, as mulheres t\u00eam sido v\u00edtimas, desde o aumento do feminic\u00eddio at\u00e9 \u00e0 maior exposi\u00e7\u00e3o de gravidez indesejada. Ajudemo-nos!<\/p><\/div>\r\n\r\n<!-- Entry Button --><div class=\"entry-button wdt-core-button\"><a href=\"https:\/\/www.saudementalitapema.com.br\/novo\/2026\/01\/26\/desafios-de-ser-mulher-e-profissional-na-pandemia\/\" title=\"Desafios de ser mulher e profissional na pandemia\" class=\"wdt-button\">Read More<span><svg xmlns=\"http:\/\/www.w3.org\/2000\/svg\" x=\"0px\" y=\"0px\"\r\n\t\t\tviewBox=\"0 0 100 100\" style=\"enable-background:new 0 0 100 100;\" xml:space=\"preserve\">\r\n\t   <path d=\"M3.1,92.7l4.3,4.3c1.3,1.3,3.1,2.1,5,2.1c1.9,0,3.5-0.7,4.8-2.1l61.2-61.5v38.4c0,3.9,3.6,7.5,7.5,7.5h6\r\n\t\t   c3.9,0,7.1-3.4,7.1-7.3l0-66.2c0-1.9-0.9-3.7-2.2-5.1C95.4,1.4,93.6,1,91.6,1H25.9c-1.9,0-3.8,0.5-5.1,1.9c-1.3,1.3-2.2,2.9-2.2,4.8\r\n\t\t   v6c0,1.9,0.9,3.9,2.2,5.3c1.3,1.3,3.3,2.3,5.1,2.3h38.8L3.1,82.8C0.3,85.6,0.3,89.9,3.1,92.7z\"\/>\r\n\t   <\/svg><\/span><\/a><\/div><!-- Entry Button --><\/article><\/div><div class=\" entry-grid-layout wdt-simple-style wdt-scaleout-hover wdt-default-overlay alignleft column wdt-one-column wdt-post-entry  \"><article id=\"post-688\" class=\"post-688 post type-post status-publish format-standard has-post-thumbnail hentry category-saude category-tratamentos tag-dicas-de-saude blog-entry\">\r\n\r\n\r\n\t<!-- Featured Image -->\r\n\t<div class=\"entry-thumb\">\r\n\t\t\r\n<a href=\"https:\/\/www.saudementalitapema.com.br\/novo\/2024\/06\/17\/como-estabelecer-uma-rotina-de-autocuidado-para-a-saude-mental\/\" title=\"Permalink to Como estabelecer uma rotina de autocuidado para a sa\u00fade mental\"><img loading=\"lazy\" decoding=\"async\" width=\"1050\" height=\"700\" src=\"https:\/\/www.saudementalitapema.com.br\/novo\/wp-content\/uploads\/2024\/06\/autocuidado.jpg\" class=\"attachment-full size-full wp-post-image\" alt=\"\" \/><\/a>\r\n        <\/div><!-- Featured Image --><div class=\"entry-meta-group\">\r\n<!-- Entry Date -->\r\n<div class=\"entry-date\">\r\n\t<i class=\"wdticon-calendar\"> <\/i>\r\n\t17 de junho de 2024<\/div><!-- Entry Date --><\/div>\r\n<!-- Entry Title -->\r\n<div class=\"entry-title\">\r\n\t<h4>    \t<a href=\"https:\/\/www.saudementalitapema.com.br\/novo\/2024\/06\/17\/como-estabelecer-uma-rotina-de-autocuidado-para-a-saude-mental\/\" title=\"Permalink to Como estabelecer uma rotina de autocuidado para a sa\u00fade mental\">Como estabelecer uma rotina de autocuidado para a sa\u00fade mental<\/a>\r\n\t<\/h4>\r\n<\/div><!-- Entry Title -->\r\n\t<div class=\"entry-body\"><p>Mauris sit amet massa vitae tortor. Tellus id interdum velit laoreet id donec ultrices tincidunt arcu. Libero volutpat sed cras ornare arcu dui vivamus. Sed cras ornare arcu dui vivamus arcu felis bibendum. Amet tellus cras adipiscing enim eu. Facilisis magna etiam tempor orci. Arcu ac tortor dignissim convallis...<\/p><\/div>\r\n\r\n<!-- Entry Button --><div class=\"entry-button wdt-core-button\"><a href=\"https:\/\/www.saudementalitapema.com.br\/novo\/2024\/06\/17\/como-estabelecer-uma-rotina-de-autocuidado-para-a-saude-mental\/\" title=\"Como estabelecer uma rotina de autocuidado para a sa\u00fade mental\" class=\"wdt-button\">Read More<span><svg xmlns=\"http:\/\/www.w3.org\/2000\/svg\" x=\"0px\" y=\"0px\"\r\n\t\t\tviewBox=\"0 0 100 100\" style=\"enable-background:new 0 0 100 100;\" xml:space=\"preserve\">\r\n\t   <path d=\"M3.1,92.7l4.3,4.3c1.3,1.3,3.1,2.1,5,2.1c1.9,0,3.5-0.7,4.8-2.1l61.2-61.5v38.4c0,3.9,3.6,7.5,7.5,7.5h6\r\n\t\t   c3.9,0,7.1-3.4,7.1-7.3l0-66.2c0-1.9-0.9-3.7-2.2-5.1C95.4,1.4,93.6,1,91.6,1H25.9c-1.9,0-3.8,0.5-5.1,1.9c-1.3,1.3-2.2,2.9-2.2,4.8\r\n\t\t   v6c0,1.9,0.9,3.9,2.2,5.3c1.3,1.3,3.3,2.3,5.1,2.3h38.8L3.1,82.8C0.3,85.6,0.3,89.9,3.1,92.7z\"\/>\r\n\t   <\/svg><\/span><\/a><\/div><!-- Entry Button --><\/article><\/div><\/div><div class=\"pagination blog-pagination\"><div class=\"column one pager_wrapper\"><ul class='page-numbers'>\n\t<li><span aria-label=\"Page 1\" aria-current=\"page\" class=\"page-numbers current\">1<\/span><\/li>\n\t<li><a aria-label=\"Page 2\" class=\"page-numbers\" href=\"https:\/\/www.saudementalitapema.com.br\/novo\/wp-json\/wp\/v2\/pages\/185\/page\/2\/\">2<\/a><\/li>\n\t<li><a class=\"next page-numbers\" href=\"https:\/\/www.saudementalitapema.com.br\/novo\/wp-json\/wp\/v2\/pages\/185\/page\/2\/\"><i class=\"wdticon-angle-double-right\"><\/i><\/a><\/li>\n<\/ul>\n<\/div>\n<\/div><\/div>\t\t\t\t<\/div>\n\t\t\t\t<\/div>\n\t\t\t\t\t<\/div>\n\t\t<\/div>\n\t\t\t\t\t<\/div>\n\t\t<\/section>\n\t\t\t\t<\/div>\n\t\t","protected":false},"excerpt":{"rendered":"<p>17 June, 2024 Blog Post 11 Sed eu eros non leo placerat rhoncus et at urna. Etiam vitae mollis mauris. Curabitur dapibus nulla et sapien rutrum condimentum. Suspendisse potenti. Integer justo metus, tempor ut sapien ut, ullamcorper dictum est. Nam maximus risus quis massa porttitor blandit. Aenean feugiat vulputate velit, eu mollis enim rhoncus a&#8230;. [&hellip;]<\/p>\n","protected":false},"author":1,"featured_media":0,"parent":0,"menu_order":0,"comment_status":"closed","ping_status":"closed","template":"","meta":{"_monsterinsights_skip_tracking":false,"_monsterinsights_sitenote_active":false,"_monsterinsights_sitenote_note":"","_monsterinsights_sitenote_category":0,"footnotes":""},"class_list":["post-185","page","type-page","status-publish","hentry","blog-entry","format-standard"],"aioseo_notices":[],"_links":{"self":[{"href":"https:\/\/www.saudementalitapema.com.br\/novo\/wp-json\/wp\/v2\/pages\/185","targetHints":{"allow":["GET"]}}],"collection":[{"href":"https:\/\/www.saudementalitapema.com.br\/novo\/wp-json\/wp\/v2\/pages"}],"about":[{"href":"https:\/\/www.saudementalitapema.com.br\/novo\/wp-json\/wp\/v2\/types\/page"}],"author":[{"embeddable":true,"href":"https:\/\/www.saudementalitapema.com.br\/novo\/wp-json\/wp\/v2\/users\/1"}],"replies":[{"embeddable":true,"href":"https:\/\/www.saudementalitapema.com.br\/novo\/wp-json\/wp\/v2\/comments?post=185"}],"version-history":[{"count":0,"href":"https:\/\/www.saudementalitapema.com.br\/novo\/wp-json\/wp\/v2\/pages\/185\/revisions"}],"wp:attachment":[{"href":"https:\/\/www.saudementalitapema.com.br\/novo\/wp-json\/wp\/v2\/media?parent=185"}],"curies":[{"name":"wp","href":"https:\/\/api.w.org\/{rel}","templated":true}]}}